{"id":216,"date":"2017-03-01T22:04:46","date_gmt":"2017-03-01T22:04:46","guid":{"rendered":"http:\/\/rtbs.pl\/?page_id=216"},"modified":"2025-01-27T10:33:10","modified_gmt":"2025-01-27T09:33:10","slug":"kosciuszki-18-w-sulechowie","status":"publish","type":"page","link":"http:\/\/rtbs.pl\/?page_id=216","title":{"rendered":"Ko\u015bciuszki 18 w Sulechowie"},"content":{"rendered":"<p>Numer rachunku bankowego:<br \/>\nPKO BP &#8211; 73 1020 5402 0000 0402 0308 4605<\/p>\n<p>Regulaminy Wsp\u00f3lnoty Mieszkaniowej:<\/p>\n<ul>\n<li><a href=\"http:\/\/rtbs.pl\/wp-content\/uploads\/2022\/12\/Regulamin-Wspolnoty-Mieszkaniowej.pdf\" target=\"_blank\" rel=\"noopener\">Regulamin Wsp\u00f3lnoty Mieszkaniowej<\/a><\/li>\n<li><a href=\"http:\/\/rtbs.pl\/wp-content\/uploads\/2022\/12\/Regulamin-porzadku-domowego.pdf\" target=\"_blank\" rel=\"noopener\">Regulamin porz\u0105dku domowego<\/a><\/li>\n<\/ul>\n<p>Telefony alarmowe oraz niezb\u0119dne dane kontaktowe dost\u0119pne s\u0105 w gablocie oraz w zak\u0142adce <a href=\"http:\/\/rtbs.pl\/?page_id=44\" target=\"_blank\" rel=\"noopener\">KONTAKT<\/a><\/p>\n","protected":false},"excerpt":{"rendered":"<p>Numer rachunku bankowego: PKO BP &#8211; 73 1020 5402 0000 0402 0308 4605 Regulaminy Wsp\u00f3lnoty Mieszkaniowej: Regulamin Wsp\u00f3lnoty Mieszkaniowej Regulamin porz\u0105dku domowego Telefony alarmowe oraz niezb\u0119dne dane kontaktowe dost\u0119pne s\u0105 w gablocie oraz w zak\u0142adce KONTAKT<\/p>\n","protected":false},"author":1,"featured_media":0,"parent":0,"menu_order":0,"comment_status":"closed","ping_status":"closed","template":"","meta":[],"_links":{"self":[{"href":"http:\/\/rtbs.pl\/index.php?rest_route=\/wp\/v2\/pages\/216"}],"collection":[{"href":"http:\/\/rtbs.pl\/index.php?rest_route=\/wp\/v2\/pages"}],"about":[{"href":"http:\/\/rtbs.pl\/index.php?rest_route=\/wp\/v2\/types\/page"}],"author":[{"embeddable":true,"href":"http:\/\/rtbs.pl\/index.php?rest_route=\/wp\/v2\/users\/1"}],"replies":[{"embeddable":true,"href":"http:\/\/rtbs.pl\/index.php?rest_route=%2Fwp%2Fv2%2Fcomments&post=216"}],"version-history":[{"count":13,"href":"http:\/\/rtbs.pl\/index.php?rest_route=\/wp\/v2\/pages\/216\/revisions"}],"predecessor-version":[{"id":2798,"href":"http:\/\/rtbs.pl\/index.php?rest_route=\/wp\/v2\/pages\/216\/revisions\/2798"}],"wp:attachment":[{"href":"http:\/\/rtbs.pl\/index.php?rest_route=%2Fwp%2Fv2%2Fmedia&parent=216"}],"curies":[{"name":"wp","href":"https:\/\/api.w.org\/{rel}","templated":true}]}}