{"id":1947,"date":"2021-11-29T23:15:44","date_gmt":"2021-11-29T22:15:44","guid":{"rendered":"http:\/\/rtbs.pl\/?page_id=1947"},"modified":"2026-04-08T09:09:34","modified_gmt":"2026-04-08T07:09:34","slug":"planowana-inwestycja-w-gubinie","status":"publish","type":"page","link":"http:\/\/rtbs.pl\/?page_id=1947","title":{"rendered":"Realizacja przedsi\u0119wzi\u0119cia inwestycyjno \u2013 budowlanego w Gubinie &#8211; zako\u0144czona"},"content":{"rendered":"<h1 style=\"text-align: center;\"><span style=\"font-size: 14pt;\">RTBS Sp. z o.o. w Zielonej G\u00f3rze <strong>zrealizowa\u0142o<\/strong> inwestycj\u0119 polegaj\u0105c\u0105 na budowie budynku mieszkalnego wielorodzinnego w Gubinie przy ul. Sportowej, o \u0142\u0105cznej liczbie 18 lokali mieszkalnych przeznaczonych na wynajem.\u00a0<\/span><\/h1>\n<h1 style=\"text-align: center;\"><a href=\"http:\/\/rtbs.pl\/?p=2574\" target=\"_blank\" rel=\"noopener\">Budynek nr 1 gotowy!<\/a><\/h1>\n<h1 style=\"text-align: center;\"><a href=\"http:\/\/rtbs.pl\/?p=2411\" target=\"_blank\" rel=\"noopener\">Fotorelacja z prac wyko\u0144czeniowych<\/a><\/h1>\n<p>Na ka\u017cdej z kondygnacji znajdowuj\u0105 si\u0119 dwa mieszkania dwupokojowe o powierzchni ok. 50 m\u00b2 oraz cztery mieszkania trzypokojowe o powierzchni ok. 63 m\u00b2 z niezale\u017cnym gazowym systemem centralnego ogrzewania i podgrzewania wody u\u017cytkowej (kot\u0142y dwufunkcyjne).<\/p>\n<p>Ka\u017cde z mieszka\u0144 posiada tak\u017ce wygodn\u0105 i przestronn\u0105 loggi\u0119 oraz dost\u0119p do kom\u00f3rki lokatorskiej. Teren wok\u00f3\u0142 budynku zostanie w pe\u0142ni zagospodarowany. Wybudowana zostanie wewn\u0119trzna droga dojazdowa do parking\u00f3w, chodniki, skwery a tak\u017ce plac zabaw dla dzieci.<\/p>\n<p>Finansowanie przedsi\u0119wzi\u0119cia inwestycyjno \u2013 budowlanego:<\/p>\n<h2><a href=\"http:\/\/rtbs.pl\/wp-content\/uploads\/2021\/11\/Flaga-i-Godlo-Polski.jpeg\"><img decoding=\"async\" loading=\"lazy\" class=\"aligncenter wp-image-1952\" src=\"http:\/\/rtbs.pl\/wp-content\/uploads\/2021\/11\/Flaga-i-Godlo-Polski.jpeg\" alt=\"\" width=\"450\" height=\"202\" srcset=\"http:\/\/rtbs.pl\/wp-content\/uploads\/2021\/11\/Flaga-i-Godlo-Polski.jpeg 1024w, http:\/\/rtbs.pl\/wp-content\/uploads\/2021\/11\/Flaga-i-Godlo-Polski-300x134.jpeg 300w, http:\/\/rtbs.pl\/wp-content\/uploads\/2021\/11\/Flaga-i-Godlo-Polski-768x344.jpeg 768w, http:\/\/rtbs.pl\/wp-content\/uploads\/2021\/11\/Flaga-i-Godlo-Polski-604x270.jpeg 604w\" sizes=\"(max-width: 450px) 100vw, 450px\" \/><\/a><\/h2>\n<h3 style=\"text-align: center;\"><strong>DOFINANSOWANO ZE \u015aRODK\u00d3W <\/strong><strong>BUD\u017bETU PA\u0143STWA<\/strong><\/h3>\n<p style=\"text-align: center;\">Budowa budynku mieszkalnego wielorodzinnego w Gubinie przy ul. Sportowej<br \/>\n<strong>Ca\u0142kowita warto\u015b\u0107 przedsi\u0119wzi\u0119cia: 4 809 478,02<\/strong><\/p>\n<p style=\"text-align: center;\">Przedsi\u0119wzi\u0119cie sfinansowano z udzia\u0142em:<br \/>\nFunduszu Dop\u0142at w Banku Gospodarstwa Krajowego w ramach rz\u0105dowego programu bezzwrotnego wsparcia budownictwa mieszkaniowego<br \/>\n<strong>Warto\u015b\u0107 wsparcia \u2013 1 278 604,67<\/strong><\/p>\n<p style=\"text-align: center;\">Kredyt zwrotny Banku Gospodarstwa Krajowego w ramach realizacji rz\u0105dowego programu popierania budownictwa mieszkaniowego<br \/>\n<strong>Warto\u015b\u0107 kredytu \u2013 2 536 300,00<\/strong><\/p>\n<p style=\"text-align: center;\">Rz\u0105dowego Funduszu Rozwoju Mieszkalnictwa poprzez Krajowy Zas\u00f3b Nieruchomo\u015bci w ramach wspierania rozwoju mieszkalnictwa<br \/>\n<strong>Warto\u015b\u0107 wsparcia \u2013 469 190,84<\/strong><\/p>\n<p>&nbsp;<\/p>\n","protected":false},"excerpt":{"rendered":"<p>RTBS Sp. z o.o. w Zielonej G\u00f3rze zrealizowa\u0142o inwestycj\u0119 polegaj\u0105c\u0105 na budowie budynku mieszkalnego wielorodzinnego w Gubinie przy ul. Sportowej, o \u0142\u0105cznej liczbie 18 lokali mieszkalnych przeznaczonych na wynajem.\u00a0 Budynek nr 1 gotowy! Fotorelacja z prac wyko\u0144czeniowych Na ka\u017cdej z kondygnacji znajdowuj\u0105 si\u0119 dwa mieszkania dwupokojowe o powierzchni ok. 50 m\u00b2 oraz cztery mieszkania trzypokojowe o powierzchni ok. 63 m\u00b2 z niezale\u017cnym gazowym systemem centralnego ogrzewania i podgrzewania wody u\u017cytkowej (kot\u0142y dwufunkcyjne). Ka\u017cde z mieszka\u0144 posiada tak\u017ce wygodn\u0105 i przestronn\u0105 loggi\u0119 oraz dost\u0119p do kom\u00f3rki lokatorskiej. Teren wok\u00f3\u0142 budynku zostanie w pe\u0142ni zagospodarowany. Wybudowana zostanie wewn\u0119trzna droga dojazdowa do parking\u00f3w, chodniki, skwery a tak\u017ce plac zabaw dla dzieci. Finansowanie przedsi\u0119wzi\u0119cia<a class=\"moretag\" href=\"http:\/\/rtbs.pl\/?page_id=1947\">Wi\u0119cej &#8230;<\/a><\/p>\n","protected":false},"author":4,"featured_media":0,"parent":0,"menu_order":0,"comment_status":"closed","ping_status":"closed","template":"","meta":[],"_links":{"self":[{"href":"http:\/\/rtbs.pl\/index.php?rest_route=\/wp\/v2\/pages\/1947"}],"collection":[{"href":"http:\/\/rtbs.pl\/index.php?rest_route=\/wp\/v2\/pages"}],"about":[{"href":"http:\/\/rtbs.pl\/index.php?rest_route=\/wp\/v2\/types\/page"}],"author":[{"embeddable":true,"href":"http:\/\/rtbs.pl\/index.php?rest_route=\/wp\/v2\/users\/4"}],"replies":[{"embeddable":true,"href":"http:\/\/rtbs.pl\/index.php?rest_route=%2Fwp%2Fv2%2Fcomments&post=1947"}],"version-history":[{"count":24,"href":"http:\/\/rtbs.pl\/index.php?rest_route=\/wp\/v2\/pages\/1947\/revisions"}],"predecessor-version":[{"id":3275,"href":"http:\/\/rtbs.pl\/index.php?rest_route=\/wp\/v2\/pages\/1947\/revisions\/3275"}],"wp:attachment":[{"href":"http:\/\/rtbs.pl\/index.php?rest_route=%2Fwp%2Fv2%2Fmedia&parent=1947"}],"curies":[{"name":"wp","href":"https:\/\/api.w.org\/{rel}","templated":true}]}}